{"id":63,"date":"2026-01-14T15:07:25","date_gmt":"2026-01-14T15:07:25","guid":{"rendered":"https:\/\/www.zrnmedikal.com.tr\/?page_id=63"},"modified":"2026-01-18T20:27:20","modified_gmt":"2026-01-18T20:27:20","slug":"solunum-yetmezligi","status":"publish","type":"page","link":"https:\/\/www.zrnmedikal.com.tr\/index.php\/solunum-yetmezligi\/","title":{"rendered":"Solunum Yetmezli\u011fi"},"content":{"rendered":"\n<p>Solunum yetmezli\u011fi, akci\u011ferin kana yeterli oksijeni sa\u011flayamamas\u0131 durumunda ortaya \u00e7\u0131kan durumdur. Solunum yetmezli\u011fi, v\u00fccuda yetersiz oksijen al\u0131nmas\u0131na (hipoksemi) ve kanda artan karbondioksit oran\u0131na (hiperkapni) yol a\u00e7ar. Hiperkapni, kandaki karbondioksitinin \u00a0hacminin artmas\u0131d\u0131r. \u00c7e\u015fitli solunum yolu hastal\u0131klar\u0131n\u0131n bir belirtisidir. Hipoksemi, kandaki oksijen seviyelerinin azalmas\u0131d\u0131r.\u00a0Nefes darl\u0131\u011f\u0131\u00a0ve g\u00f6\u011f\u00fcs a\u011fr\u0131s\u0131 ile sonu\u00e7lanabilir, akci\u011ferler ve \u00e7e\u015fitli organlarda \u00e7e\u015fitli i\u015flev bozukluklar\u0131na yol a\u00e7abilir. Hiperkapni ve hipoksemi\u00a0kan gaz\u0131\u00a0\u00f6l\u00e7\u00fcm\u00fcyle belirlenir.<\/p>\n\n\n\n<p>Solunum yetmezli\u011finde solunum yollar\u0131 ciddi \u015fekilde etkilenmi\u015ftir ve art\u0131k gerekti\u011fi gibi i\u015flev g\u00f6remezler. Kan\u0131n yetersiz oksijenlenmesi; nefes darl\u0131\u011f\u0131, nefes almada zorluk ve yorgunluk ile kendini g\u00f6sterir.<\/p>\n\n\n\n<p>KOAH (Kronik Obstr\u00fcktif Akci\u011fer Hastal\u0131\u011f\u0131)\u00a0solunum yetmezli\u011fine neden olan en yayg\u0131n hastal\u0131kt\u0131r. KOAH\u2019\u0131n en b\u00fcy\u00fck nedeni sigarad\u0131r ve akci\u011fer kanserinden \u00e7ok daha s\u0131k g\u00f6r\u00fclmektedir.<\/p>\n\n\n\n<h2 class=\"wp-block-heading\"><strong>Solunum yetmezli\u011fi nedenleri nelerdir?<\/strong><\/h2>\n\n\n\n<p>Solunum yetmezli\u011fi akut veya kronik olarak ortaya \u00e7\u0131kabilmektedir. Solunum yetmezli\u011fine;<\/p>\n\n\n\n<p>KOAH, zat\u00fcrre, alerji,\u00a0bron\u015fit, ast\u0131m,\u00a0amfizem, kistik fibroz ve Covid-19 enfeksiyonu gibi hastal\u0131klar,<\/p>\n\n\n\n<p>Omurilik hasarlar\u0131, kafa travmalar\u0131,\u00a0kas hastal\u0131klar\u0131\u00a0ve fel\u00e7 gibi sinir ve kaslar\u0131 etkileyen hastal\u0131klar,<\/p>\n\n\n\n<p>Skolyoz gibi omurgay\u0131 etkileyen hastal\u0131klar,<\/p>\n\n\n\n<p>Akci\u011ferlere ve \u00e7evre organlara zarar veren travmalar ve kaburga k\u0131r\u0131klar\u0131,<\/p>\n\n\n\n<p>Obezite,<\/p>\n\n\n\n<p>Sigara kullan\u0131m\u0131 ve solunum yoluyla zehirlenmeler neden olabilmektedir.<\/p>\n\n\n\n<p>Bu hastal\u0131klar solunum sorunlar\u0131na yol a\u00e7arak akci\u011ferlerin oksijen-karbondioksit al\u0131\u015fveri\u015fini normal bir \u015fekilde ger\u00e7ekle\u015ftirmesini engellemektedir. Bu da kan\u0131n yetersiz oksijenlenmesine ve solunum yetmezli\u011fine neden olmaktad\u0131r.<\/p>\n\n\n\n<h2 class=\"wp-block-heading\"><strong>Solunum yetmezli\u011finin belirtileri nelerdir?<\/strong><\/h2>\n\n\n\n<p>Solunum yetmezli\u011fi ya\u015fam kalitesi olduk\u00e7a olumsuz etkilemektedir. Nefes kayb\u0131 hissi ve nefes darl\u0131\u011f\u0131 solunum yetmezli\u011finin ilk belirtisidir. Dinlenirken bile zor nefes alma ve nefes darl\u0131\u011f\u0131 ya\u015fanabilir. &nbsp;En ufak bir aktivite bile kalp at\u0131\u015f h\u0131z\u0131n\u0131 artt\u0131r\u0131r. Solunum yetmezli\u011finin di\u011fer belirtileri aras\u0131nda \u00f6ks\u00fcr\u00fck, h\u0131r\u0131lt\u0131, uykusuzluk, terleme, ba\u015f a\u011fr\u0131s\u0131, kafa kar\u0131\u015f\u0131kl\u0131\u011f\u0131, duygu durum bozukluklar\u0131 (sinirlilik, anksiyete) dudaklar\u0131n ve parmak u\u00e7lar\u0131n\u0131n mavimsi renk almas\u0131 (siyanoz) bulunmaktad\u0131r. Dudaklar\u0131n ve parmak u\u00e7lar\u0131n\u0131n mavimsi renk almas\u0131 durumunda mutlaka bir g\u00f6\u011f\u00fcs hastal\u0131klar\u0131 uzman\u0131na ba\u015fvurulmal\u0131d\u0131r.<\/p>\n\n\n\n<p>Kronik solunum yetmezli\u011finde solunum fonksiyonu kal\u0131c\u0131 ve yava\u015f ilerleyen bir \u015fekilde bozulmaktad\u0131r. Kronik solunum yetmezli\u011fi ya\u015fayan hastalar bu belirtileri s\u00fcrekli ya\u015fad\u0131klar\u0131 i\u00e7in zamanla tolere edebilmektedirler. Solunumlar\u0131 genelde daha h\u0131zl\u0131 olmaktad\u0131r. Az oksijenle ya\u015famaya \u00e7al\u0131\u015ft\u0131klar\u0131 i\u00e7in ciltleri mavimsi bir renkte olabilir. Hasta \u00e7o\u011fu kez belli bir dereceye kadar al\u0131\u015fm\u0131\u015ft\u0131r, bu nedenle hastan\u0131n semptomlar\u0131n\u0131 g\u00f6rmezden gelme riski vard\u0131r. Bu durumda hayati tehlikeyi beraberinde getirebilmektedir.<\/p>\n\n\n\n<h2 class=\"wp-block-heading\"><strong>Solunum yetmezli\u011finin tan\u0131 y\u00f6ntemleri nelerdir?<\/strong><\/h2>\n\n\n\n<p>Solunum yetmezli\u011fi tan\u0131s\u0131nda, hasta hikayesi ve fizik muayenelere ek olarak, akci\u011fer fonksiyonunun \u00f6l\u00e7\u00fcld\u00fc\u011f\u00fc y\u00f6ntemler, kan testleri ve g\u00f6r\u00fcnt\u00fcleme teknikleri kullan\u0131r. Kan de\u011ferleri, kan gaz\u0131 analizi, solunum fonksiyon testleri, akci\u011fer r\u00f6ntgeni, bilgisayarl\u0131 tomografi solunum yetmezli\u011fine neden olan hastal\u0131\u011f\u0131n belirlenmesinde kullan\u0131lan tan\u0131 y\u00f6ntemleridir.<\/p>\n\n\n\n<p>Kan testleri ile anemi olup olmad\u0131\u011f\u0131 belirlenmektedir. Anemi nefes darl\u0131\u011f\u0131na sebep olabilir. H\u00fccreler i\u00e7in gerekli olan oksijeni k\u0131rm\u0131z\u0131 kan h\u00fccrelerinde bulunan\u00a0hemoglobin\u00a0ta\u015f\u0131maktad\u0131r.<\/p>\n\n\n\n<p>Kan gaz\u0131 analizinde kanda bulunan oksijen ve karbon dioksit miktar\u0131n\u0131n yan\u0131 s\u0131ra asit-baz dengesine (asitlik seviyesi) bak\u0131lmaktad\u0131r.&nbsp;<\/p>\n\n\n\n<p>Solunum fonksiyon testleri, akci\u011ferlerin d\u00fczg\u00fcn \u00e7al\u0131\u015f\u0131p \u00e7al\u0131\u015fmad\u0131\u011f\u0131n\u0131 g\u00f6steren bir grup testtir. Akci\u011ferlere al\u0131nan hava miktar\u0131 ve havay\u0131 d\u0131\u015far\u0131 atma kapasitesi \u00f6l\u00e7\u00fcl\u00fcr.<\/p>\n\n\n\n<p>Akci\u011fer r\u00f6ntgeni ve bilgisayarl\u0131 tomografi ile akci\u011fer g\u00f6r\u00fcn\u00fcm\u00fc detayl\u0131 olarak incelenebilmektedir.<\/p>\n\n\n\n<h2 class=\"wp-block-heading\"><strong>Solunum yetmezli\u011finin tedavi y\u00f6ntemleri nelerdir?<\/strong><\/h2>\n\n\n\n<p>Solunum yetmezli\u011fi tedavileri \u00f6ncelikle sa\u011fl\u0131k durumunu stabilize etmeyi ve hastalar\u0131n ya\u015fam kalitesini iyile\u015ftirmeyi ama\u00e7lar.<\/p>\n\n\n\n<p>Solunum yetmezli\u011finde hastal\u0131\u011f\u0131n nedenine ve formuna ba\u011fl\u0131 olarak tedavi y\u00f6ntemleri farkl\u0131l\u0131k g\u00f6stermektedir. \u0130la\u00e7 tedavileri, oksijen tedavisi, ventilasyon ve mekanik ventilasyon uygulanan tedavi y\u00f6ntemlerindendir.<\/p>\n\n\n\n<p>Oksijen tedavisinde ama\u00e7 kana olmas\u0131 gereken oksijen seviyesini geri kazand\u0131rmak, hastan\u0131n ya\u015fam kalitesini ve performans\u0131n\u0131 iyile\u015ftirmektir. Kronik solunum yetmezli\u011finde uzun s\u00fcreli oksijen tedavisi uygulanmaktad\u0131r.<\/p>\n\n\n\n<p>Ventilasyon genellikle solunum bozukluklar\u0131 durumunda kullan\u0131l\u0131rken, oksijen uygulamas\u0131 genellikle akci\u011fer yetmezli\u011finde hastal\u0131\u011f\u0131n neden oldu\u011fu oksijen eksikli\u011fini telafi etmek i\u00e7in kullan\u0131l\u0131r.<\/p>\n\n\n\n<p><\/p>\n\n\n\n<p><\/p>\n\n\n\n<h2 class=\"wp-block-heading has-text-align-center\"><strong>Oxytek Oksijen Konsantrat\u00f6r\u00fc<\/strong><\/h2>\n\n\n\n<p class=\"has-text-align-center\">Oxytek Oksijen Konsantrat\u00f6r\u00fc cihaz\u0131 evde kullan\u0131ma en uygun cihazlardan biridir. Boyutlar\u0131n\u0131n k\u00fc\u00e7\u00fck olu\u015fu, ta\u015f\u0131nabilir ve hafif olu\u015fu en b\u00fcy\u00fck etkendir. Cihazda bulunan tekerlekler rahat hareket ettirebilmeye olanak sa\u011flamaktad\u0131r. Oksijen cihazlar\u0131 ortamdaki havay\u0131 i\u00e7ine do\u011fru \u00e7eker ve bir dizi s\u0131k\u0131\u015ft\u0131rma i\u015flemden ge\u00e7irerek, nazal kan\u00fcl yard\u0131m\u0131yla hastaya saf oksijen \u015fekilde verir. Bu ar\u0131t\u0131lm\u0131\u015f havay\u0131 vermeden \u00f6nce filtreleme ve nitrojenin uzakla\u015ft\u0131r\u0131lmas\u0131 yapmaktad\u0131r.<\/p>\n\n\n\n<p class=\"has-text-align-center\">Cihaz\u0131n en kullan\u0131\u015fl\u0131 \u00f6zelliklerinden biri de alarm verme \u00f6zelli\u011fidir. Hastaya verilen oksijen oran\u0131 %82 nin alt\u0131na d\u00fc\u015ft\u00fc\u011f\u00fcnde cihaz sesli \u015fekilde alarm verir ve hastay\u0131 uyar\u0131r.<br>Hastaya y\u00fcksek veya d\u00fc\u015f\u00fck bas\u0131n\u00e7 geldi\u011finde, cihaz\u0131n gaz kesme ve otomatik kapatma \u00f6zelli\u011fi devreye girmektedir.<br>A\u015f\u0131r\u0131 \u0131s\u0131 veya a\u015f\u0131r\u0131 y\u00fcklenme durumunda cihaz kendini korumaya almaktad\u0131r.<\/p>\n\n\n\n<figure class=\"wp-block-image size-large\"><img fetchpriority=\"high\" decoding=\"async\" width=\"683\" height=\"1024\" src=\"https:\/\/www.zrnmedikal.com.tr\/wp-content\/uploads\/2026\/01\/oxytek-683x1024.jpg\" alt=\"\" class=\"wp-image-75\" srcset=\"https:\/\/www.zrnmedikal.com.tr\/wp-content\/uploads\/2026\/01\/oxytek-683x1024.jpg 683w, https:\/\/www.zrnmedikal.com.tr\/wp-content\/uploads\/2026\/01\/oxytek-200x300.jpg 200w, https:\/\/www.zrnmedikal.com.tr\/wp-content\/uploads\/2026\/01\/oxytek-768x1152.jpg 768w, https:\/\/www.zrnmedikal.com.tr\/wp-content\/uploads\/2026\/01\/oxytek-1024x1536.jpg 1024w, https:\/\/www.zrnmedikal.com.tr\/wp-content\/uploads\/2026\/01\/oxytek.jpg 1200w\" sizes=\"(max-width: 683px) 100vw, 683px\" \/><\/figure>\n\n\n\n<figure class=\"wp-block-image size-full\"><img decoding=\"async\" width=\"861\" height=\"1000\" src=\"https:\/\/www.zrnmedikal.com.tr\/wp-content\/uploads\/2026\/01\/513PvHjSDwL._AC_UF10001000_QL80_.jpg\" alt=\"\" class=\"wp-image-77\" srcset=\"https:\/\/www.zrnmedikal.com.tr\/wp-content\/uploads\/2026\/01\/513PvHjSDwL._AC_UF10001000_QL80_.jpg 861w, https:\/\/www.zrnmedikal.com.tr\/wp-content\/uploads\/2026\/01\/513PvHjSDwL._AC_UF10001000_QL80_-258x300.jpg 258w, https:\/\/www.zrnmedikal.com.tr\/wp-content\/uploads\/2026\/01\/513PvHjSDwL._AC_UF10001000_QL80_-768x892.jpg 768w\" sizes=\"(max-width: 861px) 100vw, 861px\" \/><\/figure>\n\n\n\n<h2 class=\"wp-block-heading has-text-align-center\">Ventmed DS 7 BiPAP \/ Ventmed DS 8 BiPAP ST Cihaz\u0131<\/h2>\n\n\n\n<p class=\"has-text-align-center\">B\u0130PAP cihaz\u0131n\u0131n temel g\u00f6revi hava yolundaki hava ak\u0131\u015f\u0131n\u0131n d\u00fczg\u00fcn bir \u015fekilde ger\u00e7ekle\u015fmesini sa\u011flamakt\u0131r. Obstr\u00fcktif Uyku Apnesi rahats\u0131zl\u0131\u011f\u0131 olan hastalar \u00e7ok s\u0131k bir \u015fekilde kullanmaktad\u0131r. Bu problemin ba\u015fl\u0131ca nedeni \u00fcst hava yolundaki kollapslar\u0131n d\u00fczg\u00fcn \u00e7al\u0131\u015fmamas\u0131d\u0131r. Bibap DS 7 modelindeki cihaz belli d\u00fczeyde uyku esnas\u0131nda solunum s\u0131k\u0131nt\u0131s\u0131 \u00e7eken hastalar i\u00e7in \u00fcretilmi\u015ftir. Bu tip apne rahats\u0131zl\u0131\u011f\u0131 bulunan hastalar\u0131n baz\u0131lar\u0131 i\u00e7in ameliyat se\u00e7ene\u011fi bulunmamaktad\u0131r. Bu nedenle bu hastalar\u0131n hava yollar\u0131n\u0131n gece uyku esnas\u0131nda s\u00fcrekli a\u00e7\u0131k vaziyette bulunmas\u0131 gerekmektedir. Bu cihazlar da hastan\u0131n uyurken hava yollar\u0131n\u0131n a\u00e7\u0131k kalmas\u0131na yard\u0131mc\u0131 olan medikal cihazlard\u0131r. Bu cihaz kullan\u0131m\u0131n\u0131 gerektiren tedavi genellikle PAP tedavisi olarak isimlendirilmektedir. Bu tip medikal cihazlar kullan\u0131lmadan \u00f6nce doktor hastay\u0131 muayene etmelidir. Doktorun uygun g\u00f6rd\u00fc\u011f\u00fc bas\u0131n\u00e7l\u0131 hava burun maskesi kullan\u0131larak hava yoluna iletilir. Bu g\u00f6nderilen bas\u0131n\u00e7 sayesinde hasta uyurken kaslar\u0131n \u00e7\u00f6kmesi engellenmi\u015f olur. Hava yolunun s\u00fcrekli a\u00e7\u0131k vaziyette kalmas\u0131yla oksijen miktar\u0131n\u0131n d\u00fc\u015fmesi gibi durumlar\u0131n \u00f6n\u00fcne ge\u00e7ilir.<\/p>\n","protected":false},"excerpt":{"rendered":"<p>Solunum yetmezli\u011fi, akci\u011ferin kana yeterli oksijeni sa\u011flayamamas\u0131 durumunda ortaya \u00e7\u0131kan durumdur. Solunum yetmezli\u011fi, v\u00fccuda yetersiz oksijen al\u0131nmas\u0131na (hipoksemi) ve kanda artan karbondioksit oran\u0131na (hiperkapni) yol a\u00e7ar. Hiperkapni, kandaki karbondioksitinin \u00a0hacminin artmas\u0131d\u0131r. \u00c7e\u015fitli solunum yolu hastal\u0131klar\u0131n\u0131n bir belirtisidir. Hipoksemi, kandaki oksijen seviyelerinin azalmas\u0131d\u0131r.\u00a0Nefes darl\u0131\u011f\u0131\u00a0ve g\u00f6\u011f\u00fcs a\u011fr\u0131s\u0131 ile sonu\u00e7lanabilir, akci\u011ferler ve \u00e7e\u015fitli organlarda \u00e7e\u015fitli i\u015flev bozukluklar\u0131na yol&#8230;<\/p>\n<p class=\"more-link\"><a href=\"https:\/\/www.zrnmedikal.com.tr\/index.php\/solunum-yetmezligi\/\"><span>Read More<\/span><i>&#43;<\/i><\/a><\/p>\n","protected":false},"author":1,"featured_media":0,"parent":0,"menu_order":0,"comment_status":"closed","ping_status":"closed","template":"","meta":{"footnotes":""},"class_list":["post-63","page","type-page","status-publish","hentry"],"jetpack_sharing_enabled":true,"_links":{"self":[{"href":"https:\/\/www.zrnmedikal.com.tr\/index.php\/wp-json\/wp\/v2\/pages\/63","targetHints":{"allow":["GET"]}}],"collection":[{"href":"https:\/\/www.zrnmedikal.com.tr\/index.php\/wp-json\/wp\/v2\/pages"}],"about":[{"href":"https:\/\/www.zrnmedikal.com.tr\/index.php\/wp-json\/wp\/v2\/types\/page"}],"author":[{"embeddable":true,"href":"https:\/\/www.zrnmedikal.com.tr\/index.php\/wp-json\/wp\/v2\/users\/1"}],"replies":[{"embeddable":true,"href":"https:\/\/www.zrnmedikal.com.tr\/index.php\/wp-json\/wp\/v2\/comments?post=63"}],"version-history":[{"count":8,"href":"https:\/\/www.zrnmedikal.com.tr\/index.php\/wp-json\/wp\/v2\/pages\/63\/revisions"}],"predecessor-version":[{"id":126,"href":"https:\/\/www.zrnmedikal.com.tr\/index.php\/wp-json\/wp\/v2\/pages\/63\/revisions\/126"}],"wp:attachment":[{"href":"https:\/\/www.zrnmedikal.com.tr\/index.php\/wp-json\/wp\/v2\/media?parent=63"}],"curies":[{"name":"wp","href":"https:\/\/api.w.org\/{rel}","templated":true}]}}