{"id":130,"date":"2026-01-18T20:36:12","date_gmt":"2026-01-18T20:36:12","guid":{"rendered":"https:\/\/www.zrnmedikal.com.tr\/?page_id=130"},"modified":"2026-01-20T10:06:22","modified_gmt":"2026-01-20T10:06:22","slug":"cihazlarimiz","status":"publish","type":"page","link":"https:\/\/www.zrnmedikal.com.tr\/index.php\/cihazlarimiz\/","title":{"rendered":"C\u0130HAZLARIMIZ"},"content":{"rendered":"\n<div class=\"wp-block-columns is-layout-flex wp-container-core-columns-is-layout-9d6595d7 wp-block-columns-is-layout-flex\">\n<div class=\"wp-block-column is-layout-flow wp-block-column-is-layout-flow\" style=\"flex-basis:100%\">\n<details class=\"wp-block-details has-vivid-cyan-blue-color has-text-color has-link-color wp-elements-2cd8f155547a6c75643bbc9b0a82908a is-layout-flow wp-block-details-is-layout-flow\"><summary><strong><em>Uyku Apnesi Cihazlar\u0131<\/em><\/strong><\/summary>\n<p><\/p>\n\n\n\n<div class=\"wp-block-buttons is-layout-flex wp-block-buttons-is-layout-flex\">\n<div class=\"wp-block-button has-custom-width wp-block-button__width-50\"><a class=\"wp-block-button__link has-white-color has-blush-bordeaux-gradient-background has-text-color has-background has-link-color wp-element-button\" href=\"https:\/\/www.zrnmedikal.com.tr\/index.php\/2026\/01\/19\/cpap-cihazlari\/\">CPAP Cihazlar\u0131<\/a><\/div>\n\n\n\n<div class=\"wp-block-button has-custom-width wp-block-button__width-50\"><a class=\"wp-block-button__link has-white-color has-blush-bordeaux-gradient-background has-text-color has-background has-link-color wp-element-button\" href=\"https:\/\/www.zrnmedikal.com.tr\/index.php\/2026\/01\/20\/vendmed-ds-5-autocpap-cihazi\/\">AUTOCPAP Cihazlar\u0131<\/a><\/div>\n\n\n\n<div class=\"wp-block-button has-custom-width wp-block-button__width-50\"><a class=\"wp-block-button__link has-white-color has-blush-bordeaux-gradient-background has-text-color has-background has-link-color wp-element-button\">BiPAP Cihazlar\u0131<\/a><\/div>\n\n\n\n<div class=\"wp-block-button has-custom-width wp-block-button__width-50\"><a class=\"wp-block-button__link has-white-color has-blush-bordeaux-gradient-background has-text-color has-background has-link-color wp-element-button\">AUTOBiPAP Cihazlar\u0131<\/a><\/div>\n\n\n\n<div class=\"wp-block-button has-custom-width wp-block-button__width-50\"><a class=\"wp-block-button__link has-white-color has-blush-bordeaux-gradient-background has-text-color has-background has-link-color wp-element-button\">BiPAP ST Cihazlar\u0131<\/a><\/div>\n<\/div>\n\n\n\n<p><\/p>\n\n\n\n<p><\/p>\n\n\n\n<p><\/p>\n\n\n\n<p><\/p>\n<\/details>\n<\/div>\n<\/div>\n\n\n\n<p><\/p>\n\n\n\n<details class=\"wp-block-details has-vivid-cyan-blue-color has-text-color has-link-color wp-elements-bb28be14bed59568fd5e53b017e0cbde is-layout-flow wp-block-details-is-layout-flow\"><summary><strong><em>Solunum Yetmezli\u011fi Cihazlar\u0131<\/em><\/strong><\/summary>\n<p><\/p>\n\n\n\n<div class=\"wp-block-buttons is-layout-flex wp-block-buttons-is-layout-flex\">\n<div class=\"wp-block-button has-custom-width wp-block-button__width-50\"><button type=\"button\" class=\"wp-block-button__link has-white-color has-blush-bordeaux-gradient-background has-text-color has-background has-link-color wp-element-button\">BiPAP Cihazlar\u0131<\/button><\/div>\n\n\n\n<div class=\"wp-block-button has-custom-width wp-block-button__width-50\"><a class=\"wp-block-button__link has-white-color has-blush-bordeaux-gradient-background has-text-color has-background has-link-color wp-element-button\">BiPAP ST Cihazlar\u0131<\/a><\/div>\n\n\n\n<div class=\"wp-block-button has-custom-width wp-block-button__width-50\"><a class=\"wp-block-button__link has-white-color has-blush-bordeaux-gradient-background has-text-color has-background has-link-color wp-element-button\">BiPAP ST AVAPS Cihazlar\u0131<\/a><\/div>\n\n\n\n<div class=\"wp-block-button has-custom-width wp-block-button__width-50\"><a class=\"wp-block-button__link has-white-color has-blush-bordeaux-gradient-background has-text-color has-background has-link-color wp-element-button\">Oksijen Konsantrat\u00f6rleri<\/a><\/div>\n<\/div>\n\n\n\n<p><\/p>\n\n\n\n<p><\/p>\n\n\n\n<p><\/p>\n<\/details>\n\n\n\n<p><\/p>\n\n\n\n<details class=\"wp-block-details has-vivid-cyan-blue-color has-text-color has-link-color wp-elements-a1f2451b0a33fea7ad1491f73230dd68 is-layout-flow wp-block-details-is-layout-flow\"><summary><strong><em>Yo\u011fun Bak\u0131m Cihazlar\u0131<\/em><\/strong><\/summary>\n<p><\/p>\n\n\n\n<div class=\"wp-block-buttons is-layout-flex wp-block-buttons-is-layout-flex\">\n<div class=\"wp-block-button has-custom-width wp-block-button__width-50\"><a class=\"wp-block-button__link has-white-color has-blush-bordeaux-gradient-background has-text-color has-background has-link-color wp-element-button\">Ev Tipi Ventilat\u00f6r Cihazlar\u0131<\/a><\/div>\n\n\n\n<div class=\"wp-block-button has-custom-width wp-block-button__width-50\"><a class=\"wp-block-button__link has-white-color has-blush-bordeaux-gradient-background has-text-color has-background has-link-color wp-element-button\">Aspirat\u00f6r Cihazlar\u0131<\/a><\/div>\n\n\n\n<div class=\"wp-block-button has-custom-width wp-block-button__width-50 is-style-outline is-style-outline--1\"><a class=\"wp-block-button__link has-white-color has-blush-bordeaux-gradient-background has-text-color has-background has-link-color wp-element-button\">Pulse Oksimetreler<\/a><\/div>\n\n\n\n<div class=\"wp-block-button has-custom-width wp-block-button__width-50\"><a class=\"wp-block-button__link has-white-color has-blush-bordeaux-gradient-background has-text-color has-background has-link-color wp-element-button\">Ventilat\u00f6r Nemlendiricisi<\/a><\/div>\n\n\n\n<div class=\"wp-block-button has-custom-width wp-block-button__width-50\"><a class=\"wp-block-button__link has-white-color has-blush-bordeaux-gradient-background has-text-color has-background has-link-color wp-element-button\">Mama Pump Cihazlar\u0131<\/a><\/div>\n\n\n\n<div class=\"wp-block-button has-custom-width wp-block-button__width-50 is-style-outline is-style-outline--2\"><a class=\"wp-block-button__link has-white-color has-blush-bordeaux-gradient-background has-text-color has-background has-link-color wp-element-button\">Haval\u0131 Yatak \u00c7e\u015fitleri<\/a><\/div>\n<\/div>\n\n\n\n<p><\/p>\n\n\n\n<p><\/p>\n\n\n\n<p><\/p>\n\n\n\n<p><\/p>\n\n\n\n<p><\/p>\n<\/details>\n\n\n\n<p><\/p>\n\n\n\n<details class=\"wp-block-details has-vivid-cyan-blue-color has-text-color has-link-color wp-elements-4eff4f0f69074e457d9a22e1b9b2c0fd is-layout-flow wp-block-details-is-layout-flow\"><summary><strong><em>Sarf Malzemeler<\/em><\/strong><\/summary>\n<p><\/p>\n\n\n\n<div class=\"wp-block-buttons is-layout-flex wp-block-buttons-is-layout-flex\">\n<div class=\"wp-block-button has-custom-width wp-block-button__width-50 is-style-fill\"><a class=\"wp-block-button__link has-white-color has-blush-bordeaux-gradient-background has-text-color has-background has-link-color wp-element-button\">Cpap Bipap Maskeleri<\/a><\/div>\n\n\n\n<div class=\"wp-block-button has-custom-width wp-block-button__width-50\"><a class=\"wp-block-button__link has-white-color has-blush-bordeaux-gradient-background has-text-color has-background has-link-color wp-element-button\">Solunum Devreleri <\/a><\/div>\n\n\n\n<div class=\"wp-block-button has-custom-width wp-block-button__width-50\"><a class=\"wp-block-button__link has-white-color has-blush-bordeaux-gradient-background has-text-color has-background has-link-color wp-element-button\">Oksijen Nazal Kan\u00fcl ve Su Kaplar\u0131<\/a><\/div>\n\n\n\n<div class=\"wp-block-button has-custom-width wp-block-button__width-50\"><a class=\"wp-block-button__link has-white-color has-blush-bordeaux-gradient-background has-text-color has-background has-link-color wp-element-button\">Aspirasyon Sondalar\u0131<\/a><\/div>\n\n\n\n<div class=\"wp-block-button has-custom-width wp-block-button__width-50\"><button type=\"button\" class=\"wp-block-button__link has-white-color has-blush-bordeaux-gradient-background has-text-color has-background has-link-color wp-element-button\">Trakeostomi Kan\u00fclleri<\/button><\/div>\n\n\n\n<div class=\"wp-block-button has-custom-width wp-block-button__width-50\"><a class=\"wp-block-button__link has-white-color has-blush-bordeaux-gradient-background has-text-color has-background has-link-color wp-element-button\">Bakteri ve Hmef Nemlendirici Filtreler<\/a><\/div>\n<\/div>\n\n\n\n<p><\/p>\n\n\n\n<p><\/p>\n<\/details>\n\n\n\n<p><\/p>\n\n\n\n<div class=\"wp-block-group alignfull has-background\" style=\"background-color:#f5eac1;padding-top:6vw;padding-right:6vw;padding-bottom:6vw;padding-left:6vw\"><div class=\"wp-block-group__inner-container is-layout-flow wp-block-group-is-layout-flow\">\n<div class=\"wp-block-group is-vertical is-nowrap is-layout-flex wp-container-core-group-is-layout-287ef9cb wp-block-group-is-layout-flex\" style=\"padding-right:0;padding-left:0\">\n<p class=\"has-text-color\" style=\"color:#000000;font-size:6vw;font-style:normal;font-weight:700;letter-spacing:0px;line-height:0.9;text-decoration:none;text-transform:none\">Biz Kimiz?<\/p>\n<\/div>\n\n\n\n<div style=\"height:1vw\" aria-hidden=\"true\" class=\"wp-block-spacer\"><\/div>\n\n\n\n<div class=\"wp-block-group alignwide is-vertical is-nowrap is-layout-flex wp-container-core-group-is-layout-8171334d wp-block-group-is-layout-flex\" style=\"padding-top:0;padding-right:0;padding-bottom:0;padding-left:0\">\n<div class=\"wp-block-columns alignwide is-layout-flex wp-container-core-columns-is-layout-2656d967 wp-block-columns-is-layout-flex\">\n<div class=\"wp-block-column is-layout-flow wp-block-column-is-layout-flow\" style=\"flex-basis:33.38%\">\n<p class=\"has-text-color\" style=\"color:#000000;font-size:17px\">Kuruldu\u011fumuz g\u00fcnden bu yana \u201cEn b\u00fcy\u00fck de\u011ferimiz insan\u201d anlay\u0131\u015f\u0131n\u0131 benimseyen, de\u011fer yaratan ve de\u011fi\u015fen ko\u015fullara h\u0131zla uyum sa\u011flayan bir yakla\u015f\u0131m\u0131n\u0131 esas almaktay\u0131z.<\/p>\n\n\n\n<h2 class=\"wp-block-heading\">\u0130nsan odakl\u0131 kurum k\u00fclt\u00fcr\u00fcn\u00fc benimseyen ZRN Medikal; d\u00fcnyadaki ve sekt\u00f6rdeki geli\u015fmeleri yak\u0131ndan takip eden, yeniliklere a\u00e7\u0131k, sorumluluk bilinci y\u00fcksek ve kendini s\u00fcrekli geli\u015ftiren ekiplerle sekt\u00f6rde ba\u015far\u0131l\u0131 ve kal\u0131c\u0131 sonu\u00e7lar elde etmeyi hedefler. <\/h2>\n<\/div>\n\n\n\n<div class=\"wp-block-column is-layout-flow wp-block-column-is-layout-flow\" style=\"flex-basis:33%\"><div class=\"wp-block-image is-style-rounded\">\n<figure class=\"alignright\"><img fetchpriority=\"high\" decoding=\"async\" width=\"768\" height=\"1024\" src=\"https:\/\/www.zrnmedikal.com.tr\/wp-content\/uploads\/2026\/01\/WhatsApp-Image-2026-01-19-at-00.27.23-768x1024.jpeg\" alt=\"\" class=\"wp-image-157\" srcset=\"https:\/\/www.zrnmedikal.com.tr\/wp-content\/uploads\/2026\/01\/WhatsApp-Image-2026-01-19-at-00.27.23-768x1024.jpeg 768w, https:\/\/www.zrnmedikal.com.tr\/wp-content\/uploads\/2026\/01\/WhatsApp-Image-2026-01-19-at-00.27.23-225x300.jpeg 225w, https:\/\/www.zrnmedikal.com.tr\/wp-content\/uploads\/2026\/01\/WhatsApp-Image-2026-01-19-at-00.27.23-1152x1536.jpeg 1152w, https:\/\/www.zrnmedikal.com.tr\/wp-content\/uploads\/2026\/01\/WhatsApp-Image-2026-01-19-at-00.27.23.jpeg 1200w\" sizes=\"(max-width: 768px) 100vw, 768px\" \/><\/figure>\n<\/div>\n\n\n<figure class=\"wp-block-image size-large is-style-rounded\"><img decoding=\"async\" width=\"768\" height=\"1024\" src=\"https:\/\/www.zrnmedikal.com.tr\/wp-content\/uploads\/2026\/01\/WhatsApp-Image-2026-01-19-at-16.57.50-768x1024.jpeg\" alt=\"\" class=\"wp-image-166\" srcset=\"https:\/\/www.zrnmedikal.com.tr\/wp-content\/uploads\/2026\/01\/WhatsApp-Image-2026-01-19-at-16.57.50-768x1024.jpeg 768w, https:\/\/www.zrnmedikal.com.tr\/wp-content\/uploads\/2026\/01\/WhatsApp-Image-2026-01-19-at-16.57.50-225x300.jpeg 225w, https:\/\/www.zrnmedikal.com.tr\/wp-content\/uploads\/2026\/01\/WhatsApp-Image-2026-01-19-at-16.57.50-1152x1536.jpeg 1152w, https:\/\/www.zrnmedikal.com.tr\/wp-content\/uploads\/2026\/01\/WhatsApp-Image-2026-01-19-at-16.57.50.jpeg 1500w\" sizes=\"(max-width: 768px) 100vw, 768px\" \/><\/figure>\n<\/div>\n\n\n\n<div class=\"wp-block-column is-vertically-aligned-bottom is-layout-flow wp-block-column-is-layout-flow\" style=\"flex-basis:33.62%\"><\/div>\n<\/div>\n\n\n\n<div class=\"wp-block-columns alignwide is-layout-flex wp-container-core-columns-is-layout-724a882f wp-block-columns-is-layout-flex\"><\/div>\n<\/div>\n<\/div><\/div>\n\n\n\n<div class=\"wp-block-jetpack-send-a-message\">\n<div class=\"wp-block-jetpack-whatsapp-button is-color-dark\"><a class=\"whatsapp-block__button\" href=\"https:\/\/api.whatsapp.com\/send?phone=905434925561&amp;text=Merhaba%2C%20WhatsApp%20bilgilerinizi%20web%20sitenizden%20ald%C4%B1m.\" style=\"background-color:#25D366;color:#fff\" target=\"_self\" rel=\"noopener noreferrer\">WhatsApp&#8217;ta sohbet edin<\/a><\/div>\n<\/div>\n","protected":false},"excerpt":{"rendered":"<p>Biz Kimiz? Kuruldu\u011fumuz g\u00fcnden bu yana \u201cEn b\u00fcy\u00fck de\u011ferimiz insan\u201d anlay\u0131\u015f\u0131n\u0131 benimseyen, de\u011fer yaratan ve de\u011fi\u015fen ko\u015fullara h\u0131zla uyum sa\u011flayan bir yakla\u015f\u0131m\u0131n\u0131 esas almaktay\u0131z. \u0130nsan odakl\u0131 kurum k\u00fclt\u00fcr\u00fcn\u00fc benimseyen ZRN Medikal; d\u00fcnyadaki ve sekt\u00f6rdeki geli\u015fmeleri yak\u0131ndan takip eden, yeniliklere a\u00e7\u0131k, sorumluluk bilinci y\u00fcksek ve kendini s\u00fcrekli geli\u015ftiren ekiplerle sekt\u00f6rde ba\u015far\u0131l\u0131 ve kal\u0131c\u0131 sonu\u00e7lar elde etmeyi&#8230;<\/p>\n<p class=\"more-link\"><a href=\"https:\/\/www.zrnmedikal.com.tr\/index.php\/cihazlarimiz\/\"><span>Read More<\/span><i>&#43;<\/i><\/a><\/p>\n","protected":false},"author":1,"featured_media":0,"parent":0,"menu_order":0,"comment_status":"closed","ping_status":"closed","template":"","meta":{"footnotes":""},"class_list":["post-130","page","type-page","status-publish","hentry"],"jetpack_sharing_enabled":true,"_links":{"self":[{"href":"https:\/\/www.zrnmedikal.com.tr\/index.php\/wp-json\/wp\/v2\/pages\/130","targetHints":{"allow":["GET"]}}],"collection":[{"href":"https:\/\/www.zrnmedikal.com.tr\/index.php\/wp-json\/wp\/v2\/pages"}],"about":[{"href":"https:\/\/www.zrnmedikal.com.tr\/index.php\/wp-json\/wp\/v2\/types\/page"}],"author":[{"embeddable":true,"href":"https:\/\/www.zrnmedikal.com.tr\/index.php\/wp-json\/wp\/v2\/users\/1"}],"replies":[{"embeddable":true,"href":"https:\/\/www.zrnmedikal.com.tr\/index.php\/wp-json\/wp\/v2\/comments?post=130"}],"version-history":[{"count":43,"href":"https:\/\/www.zrnmedikal.com.tr\/index.php\/wp-json\/wp\/v2\/pages\/130\/revisions"}],"predecessor-version":[{"id":212,"href":"https:\/\/www.zrnmedikal.com.tr\/index.php\/wp-json\/wp\/v2\/pages\/130\/revisions\/212"}],"wp:attachment":[{"href":"https:\/\/www.zrnmedikal.com.tr\/index.php\/wp-json\/wp\/v2\/media?parent=130"}],"curies":[{"name":"wp","href":"https:\/\/api.w.org\/{rel}","templated":true}]}}